{"id":5,"date":"2023-03-08T11:17:13","date_gmt":"2023-03-08T11:17:13","guid":{"rendered":"https:\/\/probatus-szymanski.pl\/index.php\/home\/"},"modified":"2024-02-08T12:42:53","modified_gmt":"2024-02-08T11:42:53","slug":"home","status":"publish","type":"page","link":"https:\/\/probatus-szymanski.pl\/","title":{"rendered":"Strona G\u0142\u00f3wna"},"content":{"rendered":"\t\t<div data-elementor-type=\"wp-page\" data-elementor-id=\"5\" class=\"elementor elementor-5\">\n\t\t\t\t<div class=\"elementor-element elementor-element-a5bc77c e-flex e-con-boxed e-con e-parent\" data-id=\"a5bc77c\" data-element_type=\"container\" data-e-type=\"container\">\n\t\t\t\t\t<div class=\"e-con-inner\">\n\t\t<div class=\"elementor-element elementor-element-b8c9b66 e-flex e-con-boxed e-con e-child\" data-id=\"b8c9b66\" data-element_type=\"container\" data-e-type=\"container\">\n\t\t\t\t\t<div class=\"e-con-inner\">\n\t\t\t\t\t<\/div>\n\t\t\t\t<\/div>\n\t\t<div class=\"elementor-element elementor-element-eace7fc e-flex e-con-boxed e-con e-child\" data-id=\"eace7fc\" data-element_type=\"container\" data-e-type=\"container\">\n\t\t\t\t\t<div class=\"e-con-inner\">\n\t\t\t\t\t<\/div>\n\t\t\t\t<\/div>\n\t\t<div class=\"elementor-element elementor-element-dd4be54 e-flex e-con-boxed e-con e-child\" data-id=\"dd4be54\" data-element_type=\"container\" data-e-type=\"container\">\n\t\t\t\t\t<div class=\"e-con-inner\">\n\t\t\t\t\t<\/div>\n\t\t\t\t<\/div>\n\t\t<div class=\"elementor-element elementor-element-aa1fe52 e-flex e-con-boxed e-con e-child\" data-id=\"aa1fe52\" data-element_type=\"container\" data-e-type=\"container\">\n\t\t\t\t\t<div class=\"e-con-inner\">\n\t\t\t\t\t<\/div>\n\t\t\t\t<\/div>\n\t\t\t\t<div class=\"elementor-element elementor-element-89ae393 elementor-widget elementor-widget-heading\" data-id=\"89ae393\" data-element_type=\"widget\" data-e-type=\"widget\" data-widget_type=\"heading.default\">\n\t\t\t\t<div class=\"elementor-widget-container\">\n\t\t\t\t\t<h2 class=\"elementor-heading-title elementor-size-default\">Potrzebujesz pomocy prawnej?<\/h2>\t\t\t\t<\/div>\n\t\t\t\t<\/div>\n\t\t<div class=\"elementor-element elementor-element-ee1902e e-flex e-con-boxed e-con e-child\" data-id=\"ee1902e\" data-element_type=\"container\" data-e-type=\"container\">\n\t\t\t\t\t<div class=\"e-con-inner\">\n\t\t\t\t<div class=\"elementor-element elementor-element-9566597 elementor-widget elementor-widget-button\" data-id=\"9566597\" data-element_type=\"widget\" data-e-type=\"widget\" data-widget_type=\"button.default\">\n\t\t\t\t<div class=\"elementor-widget-container\">\n\t\t\t\t\t\t\t\t\t<div class=\"elementor-button-wrapper\">\n\t\t\t\t\t<a class=\"elementor-button elementor-button-link elementor-size-sm\" href=\"mailto:kancelaria@probatus-szymanski.pl\">\n\t\t\t\t\t\t<span class=\"elementor-button-content-wrapper\">\n\t\t\t\t\t\t\t\t\t<span class=\"elementor-button-text\">Skontaktuj si\u0119 ze mn\u0105<\/span>\n\t\t\t\t\t<\/span>\n\t\t\t\t\t<\/a>\n\t\t\t\t<\/div>\n\t\t\t\t\t\t\t\t<\/div>\n\t\t\t\t<\/div>\n\t\t\t\t<div class=\"elementor-element elementor-element-40274c4 elementor-widget elementor-widget-image\" data-id=\"40274c4\" data-element_type=\"widget\" data-e-type=\"widget\" data-widget_type=\"image.default\">\n\t\t\t\t<div class=\"elementor-widget-container\">\n\t\t\t\t\t\t\t\t\t\t\t\t\t\t\t<img fetchpriority=\"high\" decoding=\"async\" width=\"1280\" height=\"853\" src=\"https:\/\/probatus-szymanski.pl\/wp-content\/uploads\/2023\/12\/man-lawyer-office-5806012.jpg\" class=\"attachment-full size-full wp-image-610\" alt=\"man, lawyer, office-5806012.jpg\" srcset=\"https:\/\/probatus-szymanski.pl\/wp-content\/uploads\/2023\/12\/man-lawyer-office-5806012.jpg 1280w, https:\/\/probatus-szymanski.pl\/wp-content\/uploads\/2023\/12\/man-lawyer-office-5806012-300x200.jpg 300w, https:\/\/probatus-szymanski.pl\/wp-content\/uploads\/2023\/12\/man-lawyer-office-5806012-1024x682.jpg 1024w, https:\/\/probatus-szymanski.pl\/wp-content\/uploads\/2023\/12\/man-lawyer-office-5806012-768x512.jpg 768w\" sizes=\"(max-width: 1280px) 100vw, 1280px\" \/>\t\t\t\t\t\t\t\t\t\t\t\t\t\t\t<\/div>\n\t\t\t\t<\/div>\n\t\t\t\t\t<\/div>\n\t\t\t\t<\/div>\n\t\t\t\t<div class=\"elementor-element elementor-element-bb776da elementor-widget elementor-widget-heading\" data-id=\"bb776da\" data-element_type=\"widget\" data-e-type=\"widget\" data-widget_type=\"heading.default\">\n\t\t\t\t<div class=\"elementor-widget-container\">\n\t\t\t\t\t<h2 class=\"elementor-heading-title elementor-size-default\">O mnie:<\/h2>\t\t\t\t<\/div>\n\t\t\t\t<\/div>\n\t\t\t\t<div class=\"elementor-element elementor-element-fb3ebcb elementor-widget elementor-widget-text-editor\" data-id=\"fb3ebcb\" data-element_type=\"widget\" data-e-type=\"widget\" data-widget_type=\"text-editor.default\">\n\t\t\t\t<div class=\"elementor-widget-container\">\n\t\t\t\t\t\t\t\t\t<p style=\"font-weight: 400;\">Jestem radc\u0105 prawnym, absolwentem Prawa na Wydziale Prawa i Administracji Uniwersytetu Wroc\u0142awskiego. Jestem cz\u0142onkiem Okr\u0119gowej Izby Radc\u00f3w Prawnych we Wroc\u0142awiu.\u00a0<\/p><p style=\"font-weight: 400;\">Moja dzia\u0142alno\u015b\u0107 opiera si\u0119 przede wszystkim na blisko 30 letnim do\u015bwiadczeniu w \u015bwiadczeniu pomocy prawnej oraz przestrzeganiu zasad etyki wykonywanego zawodu radcy prawnego.<\/p><p style=\"font-weight: 400;\">Sprawy swoich klient\u00f3w podejmuj\u0119 z pasj\u0105\u00a0<br \/><span style=\"background-color: var( --e-global-color-primary ); color: var( --e-global-color-secondary ); font-size: 15.504px; font-style: inherit; text-align: var(--text-align);\">i zaanga\u017cowaniem, by w oparciu o sprawno\u015b\u0107 oraz szybko\u015b\u0107 realizowanych dzia\u0142a\u0144, osi\u0105gn\u0105\u0107 wyznaczony przez Klienta cel.<\/span><\/p><p style=\"font-weight: 400;\">\u00a0<\/p>\t\t\t\t\t\t\t\t<\/div>\n\t\t\t\t<\/div>\n\t\t\t\t\t<\/div>\n\t\t\t\t<\/div>\n\t\t<div class=\"elementor-element elementor-element-88412b8 e-flex e-con-boxed e-con e-parent\" data-id=\"88412b8\" data-element_type=\"container\" data-e-type=\"container\">\n\t\t\t\t\t<div class=\"e-con-inner\">\n\t\t\t\t<div class=\"elementor-element elementor-element-7898c20 elementor-widget elementor-widget-heading\" data-id=\"7898c20\" data-element_type=\"widget\" data-e-type=\"widget\" data-widget_type=\"heading.default\">\n\t\t\t\t<div class=\"elementor-widget-container\">\n\t\t\t\t\t<h2 class=\"elementor-heading-title elementor-size-default\">Zakres praktyki:<\/h2>\t\t\t\t<\/div>\n\t\t\t\t<\/div>\n\t\t\t\t\t<\/div>\n\t\t\t\t<\/div>\n\t\t<div class=\"elementor-element elementor-element-55a2f29 e-flex e-con-boxed e-con e-parent\" data-id=\"55a2f29\" data-element_type=\"container\" data-e-type=\"container\">\n\t\t\t\t\t<div class=\"e-con-inner\">\n\t\t\t\t<div class=\"elementor-element elementor-element-ff71e59 elementor-widget elementor-widget-text-editor\" data-id=\"ff71e59\" data-element_type=\"widget\" data-e-type=\"widget\" data-widget_type=\"text-editor.default\">\n\t\t\t\t<div class=\"elementor-widget-container\">\n\t\t\t\t\t\t\t\t\t<p style=\"font-weight: 400;\">Radca prawny Ryszard Szyma\u0144ski specjalizuje si\u0119 w:<\/p><p style=\"font-weight: 400;\">prawie cywilnym \u2013 sporz\u0105dzanie um\u00f3w, sprawy o zap\u0142at\u0119, niewykonania lub nienale\u017cytego wykonania umowy, dochodzenie odszkodowa\u0144 <br \/>i zado\u015b\u0107uczynie\u0144, sprawy spadkowe, sprawy o zasiedzenie nieruchomo\u015bci<\/p><p style=\"font-weight: 400;\">prawie rodzinnym \u2013 sprawy o rozw\u00f3d <br \/>i separacj\u0119, rozdzielno\u015b\u0107 maj\u0105tkowa, podzia\u0142 maj\u0105tku wsp\u00f3lnego, alimenty<\/p><p style=\"font-weight: 400;\">prawie handlowym \u2013 rejestracja sp\u00f3\u0142ek prawa handlowego, opracowywanie statut\u00f3w i regulamin\u00f3w, \u0142\u0105czenie, podzia\u0142\u00a0<br \/><span style=\"background-color: var( --e-global-color-primary ); color: var( --e-global-color-secondary ); font-style: inherit; text-align: var(--text-align);\">i przekszta\u0142canie sp\u00f3\u0142ek,<\/span><\/p><p style=\"font-weight: 400;\">post\u0119powania egzekucyjnego oraz windykacji \u2013 reprezentowanie wierzyciela oraz d\u0142u\u017cnika przed komornikiem<\/p><p style=\"font-weight: 400;\">dochodzenie roszcze\u0144 odszkodowawczych- wypadki komunikacyjne, naruszenie d\u00f3br osobistych, zado\u015b\u0107uczynienie<\/p>\t\t\t\t\t\t\t\t<\/div>\n\t\t\t\t<\/div>\n\t\t\t\t\t<\/div>\n\t\t\t\t<\/div>\n\t\t\t\t<\/div>\n\t\t","protected":false},"excerpt":{"rendered":"<p>Potrzebujesz pomocy prawnej? Skontaktuj si\u0119 ze mn\u0105 O mnie: Jestem radc\u0105 prawnym, absolwentem Prawa na Wydziale Prawa i Administracji Uniwersytetu Wroc\u0142awskiego. Jestem cz\u0142onkiem Okr\u0119gowej Izby Radc\u00f3w Prawnych we Wroc\u0142awiu.\u00a0 Moja dzia\u0142alno\u015b\u0107 opiera si\u0119 przede wszystkim na blisko 30 letnim do\u015bwiadczeniu w \u015bwiadczeniu pomocy prawnej oraz przestrzeganiu zasad etyki wykonywanego zawodu radcy prawnego. Sprawy swoich klient\u00f3w &hellip;<\/p>\n<p class=\"read-more\"> <a class=\"\" href=\"https:\/\/probatus-szymanski.pl\/\"> <span class=\"screen-reader-text\">Strona G\u0142\u00f3wna<\/span> Read More &raquo;<\/a><\/p>\n","protected":false},"author":1,"featured_media":0,"parent":0,"menu_order":0,"comment_status":"closed","ping_status":"closed","template":"","meta":{"site-sidebar-layout":"no-sidebar","site-content-layout":"page-builder","ast-site-content-layout":"full-width-container","site-content-style":"unboxed","site-sidebar-style":"unboxed","ast-global-header-display":"","ast-banner-title-visibility":"","ast-main-header-display":"","ast-hfb-above-header-display":"","ast-hfb-below-header-display":"","ast-hfb-mobile-header-display":"","site-post-title":"disabled","ast-breadcrumbs-content":"","ast-featured-img":"disabled","footer-sml-layout":"","theme-transparent-header-meta":"enabled","adv-header-id-meta":"","stick-header-meta":"","header-above-stick-meta":"","header-main-stick-meta":"","header-below-stick-meta":"","astra-migrate-meta-layouts":"set","ast-page-background-enabled":"default","ast-page-background-meta":{"desktop":{"background-color":"var(--ast-global-color-4)","background-image":"","background-repeat":"repeat","background-position":"center center","background-size":"auto","background-attachment":"scroll","background-type":"","background-media":"","overlay-type":"","overlay-color":"","overlay-gradient":""},"tablet":{"background-color":"","background-image":"","background-repeat":"repeat","background-position":"center center","background-size":"auto","background-attachment":"scroll","background-type":"","background-media":"","overlay-type":"","overlay-color":"","overlay-gradient":""},"mobile":{"background-color":"","background-image":"","background-repeat":"repeat","background-position":"center center","background-size":"auto","background-attachment":"scroll","background-type":"","background-media":"","overlay-type":"","overlay-color":"","overlay-gradient":""}},"ast-content-background-meta":{"desktop":{"background-color":"var(--ast-global-color-5)","background-image":"","background-repeat":"repeat","background-position":"center center","background-size":"auto","background-attachment":"scroll","background-type":"","background-media":"","overlay-type":"","overlay-color":"","overlay-gradient":""},"tablet":{"background-color":"var(--ast-global-color-5)","background-image":"","background-repeat":"repeat","background-position":"center center","background-size":"auto","background-attachment":"scroll","background-type":"","background-media":"","overlay-type":"","overlay-color":"","overlay-gradient":""},"mobile":{"background-color":"var(--ast-global-color-5)","background-image":"","background-repeat":"repeat","background-position":"center center","background-size":"auto","background-attachment":"scroll","background-type":"","background-media":"","overlay-type":"","overlay-color":"","overlay-gradient":""}},"footnotes":""},"class_list":["post-5","page","type-page","status-publish","hentry"],"yoast_head":"<!-- This site is optimized with the Yoast SEO plugin v21.9.1 - https:\/\/yoast.com\/wordpress\/plugins\/seo\/ -->\n<title>Strona G\u0142\u00f3wna - probatus-szymanski<\/title>\n<meta name=\"robots\" content=\"index, follow, max-snippet:-1, max-image-preview:large, max-video-preview:-1\" \/>\n<link rel=\"canonical\" href=\"https:\/\/probatus-szymanski.pl\/\" \/>\n<meta property=\"og:locale\" content=\"pl_PL\" \/>\n<meta property=\"og:type\" content=\"article\" \/>\n<meta property=\"og:title\" content=\"Strona G\u0142\u00f3wna - probatus-szymanski\" \/>\n<meta property=\"og:description\" content=\"Potrzebujesz pomocy prawnej? Skontaktuj si\u0119 ze mn\u0105 O mnie: Jestem radc\u0105 prawnym, absolwentem Prawa na Wydziale Prawa i Administracji Uniwersytetu Wroc\u0142awskiego. Jestem cz\u0142onkiem Okr\u0119gowej Izby Radc\u00f3w Prawnych we Wroc\u0142awiu.\u00a0 Moja dzia\u0142alno\u015b\u0107 opiera si\u0119 przede wszystkim na blisko 30 letnim do\u015bwiadczeniu w \u015bwiadczeniu pomocy prawnej oraz przestrzeganiu zasad etyki wykonywanego zawodu radcy prawnego. Sprawy swoich klient\u00f3w &hellip; Strona G\u0142\u00f3wna Read More &raquo;\" \/>\n<meta property=\"og:url\" content=\"https:\/\/probatus-szymanski.pl\/\" \/>\n<meta property=\"og:site_name\" content=\"probatus-szymanski\" \/>\n<meta property=\"article:modified_time\" content=\"2024-02-08T11:42:53+00:00\" \/>\n<meta property=\"og:image\" content=\"https:\/\/probatus-szymanski.pl\/wp-content\/uploads\/2023\/12\/man-lawyer-office-5806012.jpg\" \/>\n<meta name=\"twitter:card\" content=\"summary_large_image\" \/>\n<meta name=\"twitter:label1\" content=\"Szacowany czas czytania\" \/>\n\t<meta name=\"twitter:data1\" content=\"2 minuty\" \/>\n<script type=\"application\/ld+json\" class=\"yoast-schema-graph\">{\"@context\":\"https:\/\/schema.org\",\"@graph\":[{\"@type\":\"WebPage\",\"@id\":\"https:\/\/probatus-szymanski.pl\/\",\"url\":\"https:\/\/probatus-szymanski.pl\/\",\"name\":\"Strona G\u0142\u00f3wna - probatus-szymanski\",\"isPartOf\":{\"@id\":\"https:\/\/probatus-szymanski.pl\/#website\"},\"datePublished\":\"2023-03-08T11:17:13+00:00\",\"dateModified\":\"2024-02-08T11:42:53+00:00\",\"breadcrumb\":{\"@id\":\"https:\/\/probatus-szymanski.pl\/#breadcrumb\"},\"inLanguage\":\"pl-PL\",\"potentialAction\":[{\"@type\":\"ReadAction\",\"target\":[\"https:\/\/probatus-szymanski.pl\/\"]}]},{\"@type\":\"BreadcrumbList\",\"@id\":\"https:\/\/probatus-szymanski.pl\/#breadcrumb\",\"itemListElement\":[{\"@type\":\"ListItem\",\"position\":1,\"name\":\"Strona g\u0142\u00f3wna\",\"item\":\"https:\/\/probatus-szymanski.pl\/\"},{\"@type\":\"ListItem\",\"position\":2,\"name\":\"Strona G\u0142\u00f3wna\"}]},{\"@type\":\"WebSite\",\"@id\":\"https:\/\/probatus-szymanski.pl\/#website\",\"url\":\"https:\/\/probatus-szymanski.pl\/\",\"name\":\"probatus-szymanski\",\"description\":\"Kancelaria Prawna\",\"publisher\":{\"@id\":\"https:\/\/probatus-szymanski.pl\/#\/schema\/person\/71da4e799027347e5a83fa85fbb9a2bc\"},\"potentialAction\":[{\"@type\":\"SearchAction\",\"target\":{\"@type\":\"EntryPoint\",\"urlTemplate\":\"https:\/\/probatus-szymanski.pl\/?s={search_term_string}\"},\"query-input\":\"required name=search_term_string\"}],\"inLanguage\":\"pl-PL\"},{\"@type\":[\"Person\",\"Organization\"],\"@id\":\"https:\/\/probatus-szymanski.pl\/#\/schema\/person\/71da4e799027347e5a83fa85fbb9a2bc\",\"name\":\"Ryszard Szyma\u0144ski\",\"image\":{\"@type\":\"ImageObject\",\"inLanguage\":\"pl-PL\",\"@id\":\"https:\/\/probatus-szymanski.pl\/#\/schema\/person\/image\/\",\"url\":\"https:\/\/probatus-szymanski.pl\/wp-content\/uploads\/2023\/12\/cropped-\u00a7-PROBATUS-\u00a7-1-1.png\",\"contentUrl\":\"https:\/\/probatus-szymanski.pl\/wp-content\/uploads\/2023\/12\/cropped-\u00a7-PROBATUS-\u00a7-1-1.png\",\"width\":500,\"height\":167,\"caption\":\"Ryszard Szyma\u0144ski\"},\"logo\":{\"@id\":\"https:\/\/probatus-szymanski.pl\/#\/schema\/person\/image\/\"},\"sameAs\":[\"http:\/\/probatus-szymanski.pl\"]}]}<\/script>\n<!-- \/ Yoast SEO plugin. -->","yoast_head_json":{"title":"Strona G\u0142\u00f3wna - probatus-szymanski","robots":{"index":"index","follow":"follow","max-snippet":"max-snippet:-1","max-image-preview":"max-image-preview:large","max-video-preview":"max-video-preview:-1"},"canonical":"https:\/\/probatus-szymanski.pl\/","og_locale":"pl_PL","og_type":"article","og_title":"Strona G\u0142\u00f3wna - probatus-szymanski","og_description":"Potrzebujesz pomocy prawnej? Skontaktuj si\u0119 ze mn\u0105 O mnie: Jestem radc\u0105 prawnym, absolwentem Prawa na Wydziale Prawa i Administracji Uniwersytetu Wroc\u0142awskiego. Jestem cz\u0142onkiem Okr\u0119gowej Izby Radc\u00f3w Prawnych we Wroc\u0142awiu.\u00a0 Moja dzia\u0142alno\u015b\u0107 opiera si\u0119 przede wszystkim na blisko 30 letnim do\u015bwiadczeniu w \u015bwiadczeniu pomocy prawnej oraz przestrzeganiu zasad etyki wykonywanego zawodu radcy prawnego. Sprawy swoich klient\u00f3w &hellip; Strona G\u0142\u00f3wna Read More &raquo;","og_url":"https:\/\/probatus-szymanski.pl\/","og_site_name":"probatus-szymanski","article_modified_time":"2024-02-08T11:42:53+00:00","og_image":[{"url":"https:\/\/probatus-szymanski.pl\/wp-content\/uploads\/2023\/12\/man-lawyer-office-5806012.jpg"}],"twitter_card":"summary_large_image","twitter_misc":{"Szacowany czas czytania":"2 minuty"},"schema":{"@context":"https:\/\/schema.org","@graph":[{"@type":"WebPage","@id":"https:\/\/probatus-szymanski.pl\/","url":"https:\/\/probatus-szymanski.pl\/","name":"Strona G\u0142\u00f3wna - probatus-szymanski","isPartOf":{"@id":"https:\/\/probatus-szymanski.pl\/#website"},"datePublished":"2023-03-08T11:17:13+00:00","dateModified":"2024-02-08T11:42:53+00:00","breadcrumb":{"@id":"https:\/\/probatus-szymanski.pl\/#breadcrumb"},"inLanguage":"pl-PL","potentialAction":[{"@type":"ReadAction","target":["https:\/\/probatus-szymanski.pl\/"]}]},{"@type":"BreadcrumbList","@id":"https:\/\/probatus-szymanski.pl\/#breadcrumb","itemListElement":[{"@type":"ListItem","position":1,"name":"Strona g\u0142\u00f3wna","item":"https:\/\/probatus-szymanski.pl\/"},{"@type":"ListItem","position":2,"name":"Strona G\u0142\u00f3wna"}]},{"@type":"WebSite","@id":"https:\/\/probatus-szymanski.pl\/#website","url":"https:\/\/probatus-szymanski.pl\/","name":"probatus-szymanski","description":"Kancelaria Prawna","publisher":{"@id":"https:\/\/probatus-szymanski.pl\/#\/schema\/person\/71da4e799027347e5a83fa85fbb9a2bc"},"potentialAction":[{"@type":"SearchAction","target":{"@type":"EntryPoint","urlTemplate":"https:\/\/probatus-szymanski.pl\/?s={search_term_string}"},"query-input":"required name=search_term_string"}],"inLanguage":"pl-PL"},{"@type":["Person","Organization"],"@id":"https:\/\/probatus-szymanski.pl\/#\/schema\/person\/71da4e799027347e5a83fa85fbb9a2bc","name":"Ryszard Szyma\u0144ski","image":{"@type":"ImageObject","inLanguage":"pl-PL","@id":"https:\/\/probatus-szymanski.pl\/#\/schema\/person\/image\/","url":"https:\/\/probatus-szymanski.pl\/wp-content\/uploads\/2023\/12\/cropped-\u00a7-PROBATUS-\u00a7-1-1.png","contentUrl":"https:\/\/probatus-szymanski.pl\/wp-content\/uploads\/2023\/12\/cropped-\u00a7-PROBATUS-\u00a7-1-1.png","width":500,"height":167,"caption":"Ryszard Szyma\u0144ski"},"logo":{"@id":"https:\/\/probatus-szymanski.pl\/#\/schema\/person\/image\/"},"sameAs":["http:\/\/probatus-szymanski.pl"]}]}},"_links":{"self":[{"href":"https:\/\/probatus-szymanski.pl\/index.php\/wp-json\/wp\/v2\/pages\/5","targetHints":{"allow":["GET"]}}],"collection":[{"href":"https:\/\/probatus-szymanski.pl\/index.php\/wp-json\/wp\/v2\/pages"}],"about":[{"href":"https:\/\/probatus-szymanski.pl\/index.php\/wp-json\/wp\/v2\/types\/page"}],"author":[{"embeddable":true,"href":"https:\/\/probatus-szymanski.pl\/index.php\/wp-json\/wp\/v2\/users\/1"}],"replies":[{"embeddable":true,"href":"https:\/\/probatus-szymanski.pl\/index.php\/wp-json\/wp\/v2\/comments?post=5"}],"version-history":[{"count":68,"href":"https:\/\/probatus-szymanski.pl\/index.php\/wp-json\/wp\/v2\/pages\/5\/revisions"}],"predecessor-version":[{"id":803,"href":"https:\/\/probatus-szymanski.pl\/index.php\/wp-json\/wp\/v2\/pages\/5\/revisions\/803"}],"wp:attachment":[{"href":"https:\/\/probatus-szymanski.pl\/index.php\/wp-json\/wp\/v2\/media?parent=5"}],"curies":[{"name":"wp","href":"https:\/\/api.w.org\/{rel}","templated":true}]}}