{"id":11,"date":"2023-03-08T11:19:01","date_gmt":"2023-03-08T11:19:01","guid":{"rendered":"https:\/\/probatus-szymanski.pl\/index.php\/services\/"},"modified":"2023-12-17T14:42:14","modified_gmt":"2023-12-17T13:42:14","slug":"services","status":"publish","type":"page","link":"https:\/\/probatus-szymanski.pl\/index.php\/services\/","title":{"rendered":"Us\u0142ugi"},"content":{"rendered":"\t\t<div data-elementor-type=\"wp-page\" data-elementor-id=\"11\" class=\"elementor elementor-11\">\n\t\t\t\t<div class=\"elementor-element elementor-element-c1573d2 e-flex e-con-boxed e-con e-parent\" data-id=\"c1573d2\" data-element_type=\"container\" data-e-type=\"container\">\n\t\t\t\t\t<div class=\"e-con-inner\">\n\t\t\t\t\t<\/div>\n\t\t\t\t<\/div>\n\t\t<div class=\"elementor-element elementor-element-472606d e-flex e-con-boxed e-con e-parent\" data-id=\"472606d\" data-element_type=\"container\" data-e-type=\"container\">\n\t\t\t\t\t<div class=\"e-con-inner\">\n\t\t\t\t\t<\/div>\n\t\t\t\t<\/div>\n\t\t<div class=\"elementor-element elementor-element-e594b17 e-flex e-con-boxed e-con e-parent\" data-id=\"e594b17\" data-element_type=\"container\" data-e-type=\"container\">\n\t\t\t\t\t<div class=\"e-con-inner\">\n\t\t<div class=\"elementor-element elementor-element-461d033 e-flex e-con-boxed e-con e-child\" data-id=\"461d033\" data-element_type=\"container\" data-e-type=\"container\">\n\t\t\t\t\t<div class=\"e-con-inner\">\n\t\t\t\t\t<\/div>\n\t\t\t\t<\/div>\n\t\t<div class=\"elementor-element elementor-element-06312c5 e-flex e-con-boxed e-con e-child\" data-id=\"06312c5\" data-element_type=\"container\" data-e-type=\"container\">\n\t\t\t\t\t<div class=\"e-con-inner\">\n\t\t\t\t\t<\/div>\n\t\t\t\t<\/div>\n\t\t\t\t<div class=\"elementor-element elementor-element-20b9e60 elementor-widget elementor-widget-heading\" data-id=\"20b9e60\" data-element_type=\"widget\" data-e-type=\"widget\" data-widget_type=\"heading.default\">\n\t\t\t\t<div class=\"elementor-widget-container\">\n\t\t\t\t\t<h2 class=\"elementor-heading-title elementor-size-default\">Us\u0142ugi:<\/h2>\t\t\t\t<\/div>\n\t\t\t\t<\/div>\n\t\t\t\t\t<\/div>\n\t\t\t\t<\/div>\n\t\t<div class=\"elementor-element elementor-element-c716123 e-flex e-con-boxed e-con e-parent\" data-id=\"c716123\" data-element_type=\"container\" data-e-type=\"container\">\n\t\t\t\t\t<div class=\"e-con-inner\">\n\t\t\t\t<div class=\"elementor-element elementor-element-697458a elementor-widget elementor-widget-text-editor\" data-id=\"697458a\" data-element_type=\"widget\" data-e-type=\"widget\" data-widget_type=\"text-editor.default\">\n\t\t\t\t<div class=\"elementor-widget-container\">\n\t\t\t\t\t\t\t\t\t<p style=\"font-weight: 400;\">W ramach wykonywania zawodu radcy prawnego Kancelaria \u015bwiadczy pomoc prawn\u0105 osobom fizycznym, prawnym oraz jednostkom organizacyjnym nieposiadaj\u0105cym osobowo\u015bci prawnej, polegaj\u0105c\u0105 mi\u0119dzy innymi na:<\/p>\n<p style=\"font-weight: 400;\">&#8211; udzielaniu porad prawnych,<\/p>\n<p style=\"font-weight: 400;\">&#8211; sporz\u0105dzaniu opinii prawnych, pism przygotowawczych, procesowych,<\/p>\n<p style=\"font-weight: 400;\">&#8211; opiniowanie pism i um\u00f3w pod k\u0105tem zgodno\u015bci z prawem i zabezpieczenia interes\u00f3w klienta,<\/p>\n<p style=\"font-weight: 400;\">&#8211; opracowywaniu projekt\u00f3w akt\u00f3w prawnych, statut\u00f3w , regulamin\u00f3w,<\/p>\n<p style=\"font-weight: 400;\">&#8211; windykacji nale\u017cno\u015bci,<\/p>\n<p style=\"font-weight: 400;\">&#8211; wyst\u0119powaniu w imieniu Klient\u00f3w Kancelarii przed s\u0105dami powszechnymi, s\u0105dami administracyjnymi, S\u0105dem Najwy\u017cszym oraz organami administracji publicznej i organami egzekucyjnymi<\/p>\n<p style=\"font-weight: 400;\">Jestem otwarty na wszystkie modele wsp\u00f3\u0142pracy, w zale\u017cno\u015bci od Pa\u0144stwa oczekiwa\u0144, wskazuj\u0105c w szczeg\u00f3lno\u015bci na najcz\u0119\u015bciej spotykane formu\u0142y: umowy o sta\u0142\u0105 obs\u0142ug\u0119 prawn\u0105 i dora\u017ana pomoc prawn\u0105.<\/p>\n<p style=\"font-weight: 400;\">Wysoko\u015b\u0107 honorarium ustalana jest na drodze indywidualnej rozmowy z klientem <br>i uzale\u017cniona jest od rodzaju, zakresu \u015bwiadczonych us\u0142ug, stopnia skomplikowania danej sprawy oraz warto\u015bci przedmiotu sporu.<\/p>\n<p style=\"font-weight: 400;\">W zale\u017cno\u015bci od Pa\u0144stwa oczekiwa\u0144 <br>i uzgodnie\u0144 mo\u017cliwe jest r\u00f3wnie\u017c rozliczanie w systemie mieszanym, na kt\u00f3re sk\u0142ada si\u0119 rozliczenie dwuetapowe, obejmuj\u0105ce wst\u0119pne wynagrodzenie rycza\u0142towe i ko\u0144cowe uzale\u017cnione od wyniku ( tzw.&nbsp; Success fee )<\/p>\t\t\t\t\t\t\t\t<\/div>\n\t\t\t\t<\/div>\n\t\t\t\t\t<\/div>\n\t\t\t\t<\/div>\n\t\t\t\t<\/div>\n\t\t","protected":false},"excerpt":{"rendered":"<p>Us\u0142ugi: W ramach wykonywania zawodu radcy prawnego Kancelaria \u015bwiadczy pomoc prawn\u0105 osobom fizycznym, prawnym oraz jednostkom organizacyjnym nieposiadaj\u0105cym osobowo\u015bci prawnej, polegaj\u0105c\u0105 mi\u0119dzy innymi na: &#8211; udzielaniu porad prawnych, &#8211; sporz\u0105dzaniu opinii prawnych, pism przygotowawczych, procesowych, &#8211; opiniowanie pism i um\u00f3w pod k\u0105tem zgodno\u015bci z prawem i zabezpieczenia interes\u00f3w klienta, &#8211; opracowywaniu projekt\u00f3w akt\u00f3w prawnych, statut\u00f3w &hellip;<\/p>\n<p class=\"read-more\"> <a class=\"\" href=\"https:\/\/probatus-szymanski.pl\/index.php\/services\/\"> <span class=\"screen-reader-text\">Us\u0142ugi<\/span> Read More &raquo;<\/a><\/p>\n","protected":false},"author":1,"featured_media":0,"parent":0,"menu_order":0,"comment_status":"closed","ping_status":"closed","template":"","meta":{"site-sidebar-layout":"no-sidebar","site-content-layout":"page-builder","ast-site-content-layout":"full-width-container","site-content-style":"unboxed","site-sidebar-style":"unboxed","ast-global-header-display":"","ast-banner-title-visibility":"","ast-main-header-display":"","ast-hfb-above-header-display":"","ast-hfb-below-header-display":"","ast-hfb-mobile-header-display":"","site-post-title":"disabled","ast-breadcrumbs-content":"","ast-featured-img":"disabled","footer-sml-layout":"","theme-transparent-header-meta":"enabled","adv-header-id-meta":"","stick-header-meta":"","header-above-stick-meta":"","header-main-stick-meta":"","header-below-stick-meta":"","astra-migrate-meta-layouts":"set","ast-page-background-enabled":"default","ast-page-background-meta":{"desktop":{"background-color":"var(--ast-global-color-4)","background-image":"","background-repeat":"repeat","background-position":"center center","background-size":"auto","background-attachment":"scroll","background-type":"","background-media":"","overlay-type":"","overlay-color":"","overlay-gradient":""},"tablet":{"background-color":"","background-image":"","background-repeat":"repeat","background-position":"center center","background-size":"auto","background-attachment":"scroll","background-type":"","background-media":"","overlay-type":"","overlay-color":"","overlay-gradient":""},"mobile":{"background-color":"","background-image":"","background-repeat":"repeat","background-position":"center center","background-size":"auto","background-attachment":"scroll","background-type":"","background-media":"","overlay-type":"","overlay-color":"","overlay-gradient":""}},"ast-content-background-meta":{"desktop":{"background-color":"var(--ast-global-color-5)","background-image":"","background-repeat":"repeat","background-position":"center center","background-size":"auto","background-attachment":"scroll","background-type":"","background-media":"","overlay-type":"","overlay-color":"","overlay-gradient":""},"tablet":{"background-color":"var(--ast-global-color-5)","background-image":"","background-repeat":"repeat","background-position":"center center","background-size":"auto","background-attachment":"scroll","background-type":"","background-media":"","overlay-type":"","overlay-color":"","overlay-gradient":""},"mobile":{"background-color":"var(--ast-global-color-5)","background-image":"","background-repeat":"repeat","background-position":"center center","background-size":"auto","background-attachment":"scroll","background-type":"","background-media":"","overlay-type":"","overlay-color":"","overlay-gradient":""}},"footnotes":""},"class_list":["post-11","page","type-page","status-publish","hentry"],"yoast_head":"<!-- This site is optimized with the Yoast SEO plugin v21.9.1 - https:\/\/yoast.com\/wordpress\/plugins\/seo\/ -->\n<title>Us\u0142ugi - probatus-szymanski<\/title>\n<meta name=\"robots\" content=\"index, follow, max-snippet:-1, max-image-preview:large, max-video-preview:-1\" \/>\n<link rel=\"canonical\" href=\"https:\/\/probatus-szymanski.pl\/index.php\/services\/\" \/>\n<meta property=\"og:locale\" content=\"pl_PL\" \/>\n<meta property=\"og:type\" content=\"article\" \/>\n<meta property=\"og:title\" content=\"Us\u0142ugi - probatus-szymanski\" \/>\n<meta property=\"og:description\" content=\"Us\u0142ugi: W ramach wykonywania zawodu radcy prawnego Kancelaria \u015bwiadczy pomoc prawn\u0105 osobom fizycznym, prawnym oraz jednostkom organizacyjnym nieposiadaj\u0105cym osobowo\u015bci prawnej, polegaj\u0105c\u0105 mi\u0119dzy innymi na: &#8211; udzielaniu porad prawnych, &#8211; sporz\u0105dzaniu opinii prawnych, pism przygotowawczych, procesowych, &#8211; opiniowanie pism i um\u00f3w pod k\u0105tem zgodno\u015bci z prawem i zabezpieczenia interes\u00f3w klienta, &#8211; opracowywaniu projekt\u00f3w akt\u00f3w prawnych, statut\u00f3w &hellip; Us\u0142ugi Read More &raquo;\" \/>\n<meta property=\"og:url\" content=\"https:\/\/probatus-szymanski.pl\/index.php\/services\/\" \/>\n<meta property=\"og:site_name\" content=\"probatus-szymanski\" \/>\n<meta property=\"article:modified_time\" content=\"2023-12-17T13:42:14+00:00\" \/>\n<meta name=\"twitter:card\" content=\"summary_large_image\" \/>\n<meta name=\"twitter:label1\" content=\"Szacowany czas czytania\" \/>\n\t<meta name=\"twitter:data1\" content=\"3 minuty\" \/>\n<script type=\"application\/ld+json\" class=\"yoast-schema-graph\">{\"@context\":\"https:\/\/schema.org\",\"@graph\":[{\"@type\":\"WebPage\",\"@id\":\"https:\/\/probatus-szymanski.pl\/index.php\/services\/\",\"url\":\"https:\/\/probatus-szymanski.pl\/index.php\/services\/\",\"name\":\"Us\u0142ugi - probatus-szymanski\",\"isPartOf\":{\"@id\":\"https:\/\/probatus-szymanski.pl\/#website\"},\"datePublished\":\"2023-03-08T11:19:01+00:00\",\"dateModified\":\"2023-12-17T13:42:14+00:00\",\"breadcrumb\":{\"@id\":\"https:\/\/probatus-szymanski.pl\/index.php\/services\/#breadcrumb\"},\"inLanguage\":\"pl-PL\",\"potentialAction\":[{\"@type\":\"ReadAction\",\"target\":[\"https:\/\/probatus-szymanski.pl\/index.php\/services\/\"]}]},{\"@type\":\"BreadcrumbList\",\"@id\":\"https:\/\/probatus-szymanski.pl\/index.php\/services\/#breadcrumb\",\"itemListElement\":[{\"@type\":\"ListItem\",\"position\":1,\"name\":\"Strona g\u0142\u00f3wna\",\"item\":\"https:\/\/probatus-szymanski.pl\/\"},{\"@type\":\"ListItem\",\"position\":2,\"name\":\"Us\u0142ugi\"}]},{\"@type\":\"WebSite\",\"@id\":\"https:\/\/probatus-szymanski.pl\/#website\",\"url\":\"https:\/\/probatus-szymanski.pl\/\",\"name\":\"probatus-szymanski\",\"description\":\"Kancelaria Prawna\",\"publisher\":{\"@id\":\"https:\/\/probatus-szymanski.pl\/#\/schema\/person\/71da4e799027347e5a83fa85fbb9a2bc\"},\"potentialAction\":[{\"@type\":\"SearchAction\",\"target\":{\"@type\":\"EntryPoint\",\"urlTemplate\":\"https:\/\/probatus-szymanski.pl\/?s={search_term_string}\"},\"query-input\":\"required name=search_term_string\"}],\"inLanguage\":\"pl-PL\"},{\"@type\":[\"Person\",\"Organization\"],\"@id\":\"https:\/\/probatus-szymanski.pl\/#\/schema\/person\/71da4e799027347e5a83fa85fbb9a2bc\",\"name\":\"Ryszard Szyma\u0144ski\",\"image\":{\"@type\":\"ImageObject\",\"inLanguage\":\"pl-PL\",\"@id\":\"https:\/\/probatus-szymanski.pl\/#\/schema\/person\/image\/\",\"url\":\"https:\/\/probatus-szymanski.pl\/wp-content\/uploads\/2023\/12\/cropped-\u00a7-PROBATUS-\u00a7-1-1.png\",\"contentUrl\":\"https:\/\/probatus-szymanski.pl\/wp-content\/uploads\/2023\/12\/cropped-\u00a7-PROBATUS-\u00a7-1-1.png\",\"width\":500,\"height\":167,\"caption\":\"Ryszard Szyma\u0144ski\"},\"logo\":{\"@id\":\"https:\/\/probatus-szymanski.pl\/#\/schema\/person\/image\/\"},\"sameAs\":[\"http:\/\/probatus-szymanski.pl\"]}]}<\/script>\n<!-- \/ Yoast SEO plugin. -->","yoast_head_json":{"title":"Us\u0142ugi - probatus-szymanski","robots":{"index":"index","follow":"follow","max-snippet":"max-snippet:-1","max-image-preview":"max-image-preview:large","max-video-preview":"max-video-preview:-1"},"canonical":"https:\/\/probatus-szymanski.pl\/index.php\/services\/","og_locale":"pl_PL","og_type":"article","og_title":"Us\u0142ugi - probatus-szymanski","og_description":"Us\u0142ugi: W ramach wykonywania zawodu radcy prawnego Kancelaria \u015bwiadczy pomoc prawn\u0105 osobom fizycznym, prawnym oraz jednostkom organizacyjnym nieposiadaj\u0105cym osobowo\u015bci prawnej, polegaj\u0105c\u0105 mi\u0119dzy innymi na: &#8211; udzielaniu porad prawnych, &#8211; sporz\u0105dzaniu opinii prawnych, pism przygotowawczych, procesowych, &#8211; opiniowanie pism i um\u00f3w pod k\u0105tem zgodno\u015bci z prawem i zabezpieczenia interes\u00f3w klienta, &#8211; opracowywaniu projekt\u00f3w akt\u00f3w prawnych, statut\u00f3w &hellip; Us\u0142ugi Read More &raquo;","og_url":"https:\/\/probatus-szymanski.pl\/index.php\/services\/","og_site_name":"probatus-szymanski","article_modified_time":"2023-12-17T13:42:14+00:00","twitter_card":"summary_large_image","twitter_misc":{"Szacowany czas czytania":"3 minuty"},"schema":{"@context":"https:\/\/schema.org","@graph":[{"@type":"WebPage","@id":"https:\/\/probatus-szymanski.pl\/index.php\/services\/","url":"https:\/\/probatus-szymanski.pl\/index.php\/services\/","name":"Us\u0142ugi - probatus-szymanski","isPartOf":{"@id":"https:\/\/probatus-szymanski.pl\/#website"},"datePublished":"2023-03-08T11:19:01+00:00","dateModified":"2023-12-17T13:42:14+00:00","breadcrumb":{"@id":"https:\/\/probatus-szymanski.pl\/index.php\/services\/#breadcrumb"},"inLanguage":"pl-PL","potentialAction":[{"@type":"ReadAction","target":["https:\/\/probatus-szymanski.pl\/index.php\/services\/"]}]},{"@type":"BreadcrumbList","@id":"https:\/\/probatus-szymanski.pl\/index.php\/services\/#breadcrumb","itemListElement":[{"@type":"ListItem","position":1,"name":"Strona g\u0142\u00f3wna","item":"https:\/\/probatus-szymanski.pl\/"},{"@type":"ListItem","position":2,"name":"Us\u0142ugi"}]},{"@type":"WebSite","@id":"https:\/\/probatus-szymanski.pl\/#website","url":"https:\/\/probatus-szymanski.pl\/","name":"probatus-szymanski","description":"Kancelaria Prawna","publisher":{"@id":"https:\/\/probatus-szymanski.pl\/#\/schema\/person\/71da4e799027347e5a83fa85fbb9a2bc"},"potentialAction":[{"@type":"SearchAction","target":{"@type":"EntryPoint","urlTemplate":"https:\/\/probatus-szymanski.pl\/?s={search_term_string}"},"query-input":"required name=search_term_string"}],"inLanguage":"pl-PL"},{"@type":["Person","Organization"],"@id":"https:\/\/probatus-szymanski.pl\/#\/schema\/person\/71da4e799027347e5a83fa85fbb9a2bc","name":"Ryszard Szyma\u0144ski","image":{"@type":"ImageObject","inLanguage":"pl-PL","@id":"https:\/\/probatus-szymanski.pl\/#\/schema\/person\/image\/","url":"https:\/\/probatus-szymanski.pl\/wp-content\/uploads\/2023\/12\/cropped-\u00a7-PROBATUS-\u00a7-1-1.png","contentUrl":"https:\/\/probatus-szymanski.pl\/wp-content\/uploads\/2023\/12\/cropped-\u00a7-PROBATUS-\u00a7-1-1.png","width":500,"height":167,"caption":"Ryszard Szyma\u0144ski"},"logo":{"@id":"https:\/\/probatus-szymanski.pl\/#\/schema\/person\/image\/"},"sameAs":["http:\/\/probatus-szymanski.pl"]}]}},"_links":{"self":[{"href":"https:\/\/probatus-szymanski.pl\/index.php\/wp-json\/wp\/v2\/pages\/11","targetHints":{"allow":["GET"]}}],"collection":[{"href":"https:\/\/probatus-szymanski.pl\/index.php\/wp-json\/wp\/v2\/pages"}],"about":[{"href":"https:\/\/probatus-szymanski.pl\/index.php\/wp-json\/wp\/v2\/types\/page"}],"author":[{"embeddable":true,"href":"https:\/\/probatus-szymanski.pl\/index.php\/wp-json\/wp\/v2\/users\/1"}],"replies":[{"embeddable":true,"href":"https:\/\/probatus-szymanski.pl\/index.php\/wp-json\/wp\/v2\/comments?post=11"}],"version-history":[{"count":23,"href":"https:\/\/probatus-szymanski.pl\/index.php\/wp-json\/wp\/v2\/pages\/11\/revisions"}],"predecessor-version":[{"id":777,"href":"https:\/\/probatus-szymanski.pl\/index.php\/wp-json\/wp\/v2\/pages\/11\/revisions\/777"}],"wp:attachment":[{"href":"https:\/\/probatus-szymanski.pl\/index.php\/wp-json\/wp\/v2\/media?parent=11"}],"curies":[{"name":"wp","href":"https:\/\/api.w.org\/{rel}","templated":true}]}}